{"id":53,"date":"2022-01-16T17:57:34","date_gmt":"2022-01-16T17:57:34","guid":{"rendered":"https:\/\/lederihelsingeskogen.se\/?page_id=53"},"modified":"2022-02-05T09:15:23","modified_gmt":"2022-02-05T09:15:23","slug":"leder","status":"publish","type":"page","link":"https:\/\/lederihelsingeskogen.se\/?page_id=53","title":{"rendered":"Leder"},"content":{"rendered":"\r\n<h1 id=\"h.p_Kqn1U_6Oy6Ac\" class=\"alignwide\">Vandra eller cykla<\/h1>\r\n\r\n\r\n\r\n<p><!--more--><\/p>\r\n<h3><a href=\"https:\/\/www.naturkartan.se\/sv\/voxnadalen\">Naturkartan<\/a><\/h3>\r\n<p><a href=\"https:\/\/www.ovanaker.se\/boendeochmiljo\/klimatochmiljo\/biosfarkandidat.947.html\">Biosf\u00e4romr\u00e5de Voxnadalen<\/a> finns p\u00e5\u00a0<a href=\"https:\/\/www.naturkartan.se\/sv\/voxnadalen\/biosfaromraade-voxnadalen\">Naturkartan.<\/a> Den kan du ladda ner som app och d\u00e4r hittar du det mesta du beh\u00f6ver veta om det omr\u00e5de du t\u00e4nker bes\u00f6ka: cykel- och vandringsleder, vindskydd och badplatser, platser med h\u00f6ga naturv\u00e4rden och utsikter; kommunala anl\u00e4ggningar, ideella f\u00f6reningars anl\u00e4ggningar och platser som finns p\u00e5 privat mark. Alla som vill kan bidra med mer fakta! Tillsammans bygger vi den b\u00e4sta bes\u00f6ksguiden i H\u00e4lsingland.<\/p>\r\n<p>&nbsp;<\/p>\r\n<p><!--more--><\/p>\r\n<h3 id=\"h.p_YBdf8rDczBJK\"><a href=\"http:\/\/www.google.com\/url?q=http%3A%2F%2Fovanakersstigcyklister.se%2Frunemo%2Fflottarleden%2F%3Flang%3Den&amp;sa=D&amp;sntz=1&amp;usg=AFQjCNFbqtU35Xpvud_4DKWh7KTZKXMKeA\" target=\"_blank\" rel=\"noreferrer noopener\">Flottarleden<\/a><\/h3>\r\n\r\n\r\n\r\n<p>Flottarleden l\u00f6per t\u00e4tt efter Voxna \u00e4lv. Leden startar i Runemo och slutar i S\u00f6r\u00e4ng. Leden passar hela familjen och erbjuder s\u00e5v\u00e4l badbryggor och fina fiskevatten som utsiktsplatser och grillm\u00f6jligheter. En underbar dagstur!<\/p>\r\n<p><img loading=\"lazy\" class=\"alignnone wp-image-13\" src=\"http:\/\/lederihelsingeskogen.se\/wp-content\/uploads\/2022\/01\/Flottarleden-Vickan-300x225.jpg\" alt=\"\" width=\"400\" height=\"300\" srcset=\"https:\/\/lederihelsingeskogen.se\/wp-content\/uploads\/2022\/01\/Flottarleden-Vickan-300x225.jpg 300w, https:\/\/lederihelsingeskogen.se\/wp-content\/uploads\/2022\/01\/Flottarleden-Vickan-768x576.jpg 768w, https:\/\/lederihelsingeskogen.se\/wp-content\/uploads\/2022\/01\/Flottarleden-Vickan.jpg 960w\" sizes=\"(max-width: 400px) 100vw, 400px\" \/><\/p>\r\n<p>&nbsp;<\/p>\r\n<p><!--more--><\/p>\r\n\r\n\r\n\r\n<h3 id=\"h.p_4f53kmSazBJL\"><a href=\"https:\/\/www.google.com\/url?q=https%3A%2F%2Fidrottonline.se%2FEdsbynsSK-Skidor%2F&amp;sa=D&amp;sntz=1&amp;usg=AFQjCNFKZULOzSCg-5h-UeYcA5EDUUjulw\" target=\"_blank\" rel=\"noreferrer noopener\">Kygelvallen<\/a><\/h3>\r\n\r\n\r\n\r\n<p>I Kn\u00e5da, norr om Edsbyn, finns flera vandrings- och cykelleder. Vintertid hittar man kommunens st\u00f6rsta utbud av skidsp\u00e5r just d\u00e4r. (Emil Forsmark filmade.)<\/p>\r\n<p><iframe loading=\"lazy\" title=\"2020-06-09 Kygelvallen barnbanan\" width=\"750\" height=\"422\" src=\"https:\/\/www.youtube.com\/embed\/RLwR24Ytsno?feature=oembed\" frameborder=\"0\" allow=\"accelerometer; autoplay; clipboard-write; encrypted-media; gyroscope; picture-in-picture\" allowfullscreen><\/iframe><\/p>\r\n<p>&nbsp;<\/p>\r\n<p><!--more--><\/p>\r\n\r\n\r\n\r\n<h3 id=\"h.p_zqUMuHDnzBJL\"><a href=\"https:\/\/www.google.com\/url?q=https%3A%2F%2Fwww.trailforks.com%2Ftrails%2Fvikebergssparet-3%2F&amp;sa=D&amp;sntz=1&amp;usg=AFQjCNG6YYpk08z7SvCLPRTEuveE_yXiOw\" target=\"_blank\" rel=\"noreferrer noopener\">Vikebergsleden<\/a><\/h3>\r\n\r\n\r\n\r\n<p>V\u00e4ster om Alfta p\u00e5 Vikeberget l\u00f6per en fin led. F\u00f6lj l\u00e4nken f\u00f6r att hitta dit! (Ovan\u00e5kers Stigcyklister filmade.)<\/p>\r\n<p><iframe loading=\"lazy\" title=\"Vikebergssp\u00e5ret 3 and Vikebergssp\u00e5ret Genv\u00e4g\" width=\"750\" height=\"422\" src=\"https:\/\/www.youtube.com\/embed\/6adpysPzHuo?feature=oembed\" frameborder=\"0\" allow=\"accelerometer; autoplay; clipboard-write; encrypted-media; gyroscope; picture-in-picture\" allowfullscreen><\/iframe><\/p>\r\n<p>&nbsp;<\/p>\r\n<p><!--more--><\/p>\r\n\r\n\r\n\r\n<h3 id=\"h.p_XBDhHId_zBJM\"><a href=\"https:\/\/www.google.com\/url?q=https%3A%2F%2Fsvabensverk.se%2Fuppleva%2520%2526%2520g%25C3%25B6ra%2Fpilgrimsleden.html&amp;sa=D&amp;sntz=1&amp;usg=AFQjCNFuPWfNF7z0GPRfm9qBaYx3bzl5eA\" target=\"_blank\" rel=\"noreferrer noopener\">Pilgrimsleden<\/a><\/h3>\r\n\r\n\r\n\r\n<p>Pilgrimmer har vandrat l\u00e4ngs Pilgrimsleden, fr\u00e5n olika platser i Europa, f\u00f6r att bes\u00f6ka domen i Nidaros (Trondheim). Delen i Alfta har anor fr\u00e5n 1100-talet och \u00e4r en del av v\u00e5rt kulturarv. Leden l\u00f6per i t\u00e4t skogsterr\u00e4ng med \u00f6ppna gl\u00e4ntor, tj\u00e4rnar och myrar. Man kan g\u00e5 mellan Svabensverk i s\u00f6der, \u00f6ver bergen n\u00e4ra sj\u00f6n M\u00e5ll\u00e5ngen (d\u00e4r man har en milsvid utsikt) fram till \u00c4lvkarhed. Karta till Pilgrimsleden i Ovan\u00e5kers kommun finns p\u00e5 <a href=\"http:\/\/www.google.com\/url?q=http%3A%2F%2Fwww.skraddrabo.se%2F&amp;sa=D&amp;sntz=1&amp;usg=AFQjCNGdb6yJ3ueRc2rQBOWC_Gpc8Dml3w\" target=\"_blank\" rel=\"noreferrer noopener\">www.skraddrabo.se<\/a>\u00a0 (Ovan\u00e5kers Stigcyklister filmade.)<\/p>\r\n<p>I januari 2022 skickade Leder i Helsingeskogen in en <strong><a href=\"http:\/\/lederihelsingeskogen.se\/wp-content\/uploads\/2022\/02\/ansokan86331-3.pdf\">ans\u00f6kan till Tillv\u00e4xtverket<\/a><\/strong><a href=\"http:\/\/lederihelsingeskogen.se\/wp-content\/uploads\/2022\/02\/ansokan86331-3.pdf\">\/<\/a><a href=\"http:\/\/lederihelsingeskogen.se\/wp-content\/uploads\/2022\/02\/ansokan86331-3.pdf\">Jordbruksverke<\/a><a href=\"http:\/\/lederihelsingeskogen.se\/wp-content\/uploads\/2022\/02\/ansokan86331-3.pdf\">t<\/a> om medel f\u00f6r att rusta upp den del av Pilgrimsleden som l\u00f6per inom Ovan\u00e5kers kommun, fr\u00e5n Dalarna i s\u00f6der och norrut mot H\u00e4rjedalen.*<\/p>\r\n<p><iframe loading=\"lazy\" title=\"Norra Pilgrimsleden \u00c4lvkarlhed - R50\" width=\"750\" height=\"422\" src=\"https:\/\/www.youtube.com\/embed\/zeN9xMhGsLw?feature=oembed\" frameborder=\"0\" allow=\"accelerometer; autoplay; clipboard-write; encrypted-media; gyroscope; picture-in-picture\" allowfullscreen><\/iframe><\/p>\r\n<p>&nbsp;<\/p>\r\n<p><!--more--><\/p>\r\n\r\n\r\n\r\n<h3 id=\"h.p_I6FEMYzkzBJN\"><a href=\"https:\/\/www.google.com\/url?q=https%3A%2F%2Fdocumentcloud.adobe.com%2Flink%2Ftrack%3Furi%3Durn%3Aaaid%3Ascds%3AUS%3A9c03f61e-0ce9-4dad-819b-ebaf7b845bd5%23pageNum%3D1&amp;sa=D&amp;sntz=1&amp;usg=AFQjCNEFDX-WAfyimt6Dtv15j_ED_gGSnw\" target=\"_blank\" rel=\"noreferrer noopener\">Eggasp\u00e5ret<\/a> och <a href=\"http:\/\/www.google.com\/url?q=http%3A%2F%2Ffinnskogarna.com%2Ffinnskogsleden-i-halsingland%2F%3Fkategori%3Datt-gora&amp;sa=D&amp;sntz=1&amp;usg=AFQjCNG10rAx3IWymGROYoshJBRsDw4h_Q\" target=\"_blank\" rel=\"noreferrer noopener\">Finnskogsleden<\/a><\/h3>\r\n\r\n\r\n\r\n<p>Utg\u00e5 fr\u00e5n Sk\u00e5lsj\u00f6g\u00e5rden eller Skr\u00e4ddrabo med den fina nya kartan till Eggasp\u00e5ret!<\/p>\r\n<p><iframe loading=\"lazy\" title=\"Eggassp\u00e5ret 22km\" width=\"750\" height=\"422\" src=\"https:\/\/www.youtube.com\/embed\/mRUX3urdam4?feature=oembed\" frameborder=\"0\" allow=\"accelerometer; autoplay; clipboard-write; encrypted-media; gyroscope; picture-in-picture\" allowfullscreen><\/iframe><\/p>\r\n<p>&nbsp;<\/p>\r\n<p><!--more--><\/p>\r\n<figure class=\"wp-block-gallery columns-3 is-cropped\"><img loading=\"lazy\" class=\"alignleft wp-image-41\" style=\"margin-right: var(--global--spacing-horizontal);\" src=\"http:\/\/lederihelsingeskogen.se\/wp-content\/uploads\/2022\/01\/eggasparet-486x1024.jpg\" alt=\"\" width=\"157\" height=\"331\" data-id=\"41\" data-full-url=\"http:\/\/lederihelsingeskogen.se\/wp-content\/uploads\/2022\/01\/eggasparet-scaled.jpg\" data-link=\"https:\/\/lederihelsingeskogen.se\/?attachment_id=41\" srcset=\"https:\/\/lederihelsingeskogen.se\/wp-content\/uploads\/2022\/01\/eggasparet-486x1024.jpg 486w, https:\/\/lederihelsingeskogen.se\/wp-content\/uploads\/2022\/01\/eggasparet-142x300.jpg 142w, https:\/\/lederihelsingeskogen.se\/wp-content\/uploads\/2022\/01\/eggasparet-768x1619.jpg 768w, https:\/\/lederihelsingeskogen.se\/wp-content\/uploads\/2022\/01\/eggasparet-729x1536.jpg 729w, https:\/\/lederihelsingeskogen.se\/wp-content\/uploads\/2022\/01\/eggasparet-972x2048.jpg 972w, https:\/\/lederihelsingeskogen.se\/wp-content\/uploads\/2022\/01\/eggasparet-scaled.jpg 1215w\" sizes=\"(max-width: 157px) 100vw, 157px\" \/>\r\n<figure><img loading=\"lazy\" class=\"alignnone wp-image-10\" src=\"http:\/\/lederihelsingeskogen.se\/wp-content\/uploads\/2022\/01\/20190705-768x1024.jpg\" alt=\"\" width=\"248\" height=\"331\" data-id=\"10\" data-full-url=\"http:\/\/lederihelsingeskogen.se\/wp-content\/uploads\/2022\/01\/20190705-scaled.jpg\" data-link=\"https:\/\/lederihelsingeskogen.se\/?attachment_id=10\" srcset=\"https:\/\/lederihelsingeskogen.se\/wp-content\/uploads\/2022\/01\/20190705-768x1024.jpg 768w, https:\/\/lederihelsingeskogen.se\/wp-content\/uploads\/2022\/01\/20190705-225x300.jpg 225w, https:\/\/lederihelsingeskogen.se\/wp-content\/uploads\/2022\/01\/20190705-1152x1536.jpg 1152w, https:\/\/lederihelsingeskogen.se\/wp-content\/uploads\/2022\/01\/20190705-1536x2048.jpg 1536w, https:\/\/lederihelsingeskogen.se\/wp-content\/uploads\/2022\/01\/20190705-1568x2091.jpg 1568w, https:\/\/lederihelsingeskogen.se\/wp-content\/uploads\/2022\/01\/20190705-scaled.jpg 1920w\" sizes=\"(max-width: 248px) 100vw, 248px\" \/><\/figure>\r\n<p>&nbsp;<\/p>\r\n<p>&nbsp;<\/p>\r\n<p><img loading=\"lazy\" class=\"alignleft wp-image-51\" src=\"http:\/\/lederihelsingeskogen.se\/wp-content\/uploads\/2022\/01\/IMG_4080-220x300.jpg\" alt=\"\" width=\"157\" height=\"214\" srcset=\"https:\/\/lederihelsingeskogen.se\/wp-content\/uploads\/2022\/01\/IMG_4080-220x300.jpg 220w, https:\/\/lederihelsingeskogen.se\/wp-content\/uploads\/2022\/01\/IMG_4080-750x1024.jpg 750w, https:\/\/lederihelsingeskogen.se\/wp-content\/uploads\/2022\/01\/IMG_4080-768x1049.jpg 768w, https:\/\/lederihelsingeskogen.se\/wp-content\/uploads\/2022\/01\/IMG_4080-1124x1536.jpg 1124w, https:\/\/lederihelsingeskogen.se\/wp-content\/uploads\/2022\/01\/IMG_4080-1499x2048.jpg 1499w, https:\/\/lederihelsingeskogen.se\/wp-content\/uploads\/2022\/01\/IMG_4080-1568x2142.jpg 1568w, https:\/\/lederihelsingeskogen.se\/wp-content\/uploads\/2022\/01\/IMG_4080-scaled.jpg 1874w\" sizes=\"(max-width: 157px) 100vw, 157px\" \/> <img loading=\"lazy\" class=\"alignnone wp-image-52\" src=\"http:\/\/lederihelsingeskogen.se\/wp-content\/uploads\/2022\/01\/IMG_4082-300x285.jpg\" alt=\"\" width=\"225\" height=\"214\" srcset=\"https:\/\/lederihelsingeskogen.se\/wp-content\/uploads\/2022\/01\/IMG_4082-300x285.jpg 300w, https:\/\/lederihelsingeskogen.se\/wp-content\/uploads\/2022\/01\/IMG_4082-1024x972.jpg 1024w, https:\/\/lederihelsingeskogen.se\/wp-content\/uploads\/2022\/01\/IMG_4082-768x729.jpg 768w, https:\/\/lederihelsingeskogen.se\/wp-content\/uploads\/2022\/01\/IMG_4082-1536x1458.jpg 1536w, https:\/\/lederihelsingeskogen.se\/wp-content\/uploads\/2022\/01\/IMG_4082-1568x1488.jpg 1568w, https:\/\/lederihelsingeskogen.se\/wp-content\/uploads\/2022\/01\/IMG_4082.jpg 2042w\" sizes=\"(max-width: 225px) 100vw, 225px\" \/><\/p>\r\n<p><img loading=\"lazy\" class=\"wp-image-50 alignnone\" src=\"http:\/\/lederihelsingeskogen.se\/wp-content\/uploads\/2022\/01\/IMG_4075-1024x738.jpg\" alt=\"\" width=\"400\" height=\"288\" srcset=\"https:\/\/lederihelsingeskogen.se\/wp-content\/uploads\/2022\/01\/IMG_4075-1024x738.jpg 1024w, https:\/\/lederihelsingeskogen.se\/wp-content\/uploads\/2022\/01\/IMG_4075-300x216.jpg 300w, https:\/\/lederihelsingeskogen.se\/wp-content\/uploads\/2022\/01\/IMG_4075-768x553.jpg 768w, https:\/\/lederihelsingeskogen.se\/wp-content\/uploads\/2022\/01\/IMG_4075-1536x1107.jpg 1536w, https:\/\/lederihelsingeskogen.se\/wp-content\/uploads\/2022\/01\/IMG_4075-2048x1475.jpg 2048w, https:\/\/lederihelsingeskogen.se\/wp-content\/uploads\/2022\/01\/IMG_4075-1568x1130.jpg 1568w\" sizes=\"(max-width: 400px) 100vw, 400px\" \/><\/p>\r\n<\/figure>\r\n<p><!--more--><\/p>\r\n<figure class=\"wp-block-gallery columns-3 is-cropped\">\r\n<p>&nbsp;<\/p>\r\n<\/figure>\r\n<p>*\u00a0 &#8221;Stort tack f\u00f6r er ans\u00f6kan om projekt i utlysningen <em>Investera i leder i landsbygder<\/em>. D\u00e5 utlysningen st\u00e4ngde i veckan hade vi f\u00e5tt in ett 50-tal ans\u00f6kningar till ett belopp om totalt ca 100 miljoner kronor. Utlysningens budget \u00e4r 25 miljoner kronor. Nu v\u00e4ntar ett h\u00e5rt bed\u00f6mnings- och prioriteringsarbete innan vi kan fatta beslut i era \u00e4renden. Varje ans\u00f6kan har tilldelats en handl\u00e4ggare som har gjort en f\u00f6rsta initial granskning.\u00a0 &#8211; &#8211; &#8211; Prel. r\u00e4knar vi med att i maj\/juni kunna samla de av er projekts\u00f6kande som beviljats medel i v\u00e5r utlysning till en f\u00f6rsta n\u00e4tverks-\/erfarenhetstr\u00e4ff. Har ni fr\u00e5gor eller funderingar \u00e4r ni alltid v\u00e4lkomna att ta kontakt med n\u00e5gon av oss som arbetar med st\u00f6det &#8211; &#8211; -, g\u00e4rna via funktionsbrevl\u00e5dan <a href=\"mailto:turisminfrastruktur@tillvaxtverket.se\">turisminfrastruktur@tillvaxtverket.se<\/a>.&#8221;<\/p>\r\n<p>&nbsp;<\/p>\r\n<p><img loading=\"lazy\" class=\"alignnone size-medium wp-image-171\" src=\"http:\/\/lederihelsingeskogen.se\/wp-content\/uploads\/2022\/02\/biosfaromrade-300x270.jpeg\" alt=\"\" width=\"300\" height=\"270\" srcset=\"https:\/\/lederihelsingeskogen.se\/wp-content\/uploads\/2022\/02\/biosfaromrade-300x270.jpeg 300w, https:\/\/lederihelsingeskogen.se\/wp-content\/uploads\/2022\/02\/biosfaromrade-768x692.jpeg 768w, https:\/\/lederihelsingeskogen.se\/wp-content\/uploads\/2022\/02\/biosfaromrade.jpeg 1024w\" sizes=\"(max-width: 300px) 100vw, 300px\" \/><\/p>","protected":false},"excerpt":{"rendered":"<p>Vandra eller cykla<\/p>\n","protected":false},"author":1,"featured_media":43,"parent":0,"menu_order":0,"comment_status":"closed","ping_status":"closed","template":"","meta":[],"_links":{"self":[{"href":"https:\/\/lederihelsingeskogen.se\/index.php?rest_route=\/wp\/v2\/pages\/53"}],"collection":[{"href":"https:\/\/lederihelsingeskogen.se\/index.php?rest_route=\/wp\/v2\/pages"}],"about":[{"href":"https:\/\/lederihelsingeskogen.se\/index.php?rest_route=\/wp\/v2\/types\/page"}],"author":[{"embeddable":true,"href":"https:\/\/lederihelsingeskogen.se\/index.php?rest_route=\/wp\/v2\/users\/1"}],"replies":[{"embeddable":true,"href":"https:\/\/lederihelsingeskogen.se\/index.php?rest_route=%2Fwp%2Fv2%2Fcomments&post=53"}],"version-history":[{"count":44,"href":"https:\/\/lederihelsingeskogen.se\/index.php?rest_route=\/wp\/v2\/pages\/53\/revisions"}],"predecessor-version":[{"id":180,"href":"https:\/\/lederihelsingeskogen.se\/index.php?rest_route=\/wp\/v2\/pages\/53\/revisions\/180"}],"wp:featuredmedia":[{"embeddable":true,"href":"https:\/\/lederihelsingeskogen.se\/index.php?rest_route=\/wp\/v2\/media\/43"}],"wp:attachment":[{"href":"https:\/\/lederihelsingeskogen.se\/index.php?rest_route=%2Fwp%2Fv2%2Fmedia&parent=53"}],"curies":[{"name":"wp","href":"https:\/\/api.w.org\/{rel}","templated":true}]}}