{"id":30,"date":"2022-01-16T18:36:47","date_gmt":"2022-01-16T18:36:47","guid":{"rendered":"https:\/\/lederihelsingeskogen.se\/?page_id=30"},"modified":"2023-11-16T08:00:18","modified_gmt":"2023-11-16T08:00:18","slug":"arsstammor","status":"publish","type":"page","link":"https:\/\/lederihelsingeskogen.se\/?page_id=30","title":{"rendered":"\u00c5rsst\u00e4mmor"},"content":{"rendered":"\r\n<h2>Verksamhetsber\u00e4ttelser<\/h2>\r\n\r\n\r\n\r\n<ul>\r\n<li><a href=\"http:\/\/lederihelsingeskogen.se\/wp-content\/uploads\/2022\/01\/Verksamhetsberattelse-2017-18-webb-Leder-i-Helsingeskogen.pdf\">Verksamhetsber\u00e4ttelse 2017-18<\/a><\/li>\r\n<li><a href=\"http:\/\/lederihelsingeskogen.se\/wp-content\/uploads\/2022\/01\/Verksamhetsberattelse-2018-webb-Leder-i-Helsingeskogen.pdf\">Verksamhetsber\u00e4ttelse 2018<\/a><\/li>\r\n<li><a href=\"http:\/\/lederihelsingeskogen.se\/wp-content\/uploads\/2022\/01\/Verksamhetsberattelse-2019-webb-Leder-i-Helsingeskogen.pdf\">Verksamhetsber\u00e4ttelse 2019<\/a><\/li>\r\n<li><a href=\"http:\/\/lederihelsingeskogen.se\/wp-content\/uploads\/2022\/01\/Verksamhetsberattelse-20-21-webb-Leder-i-Helsingeskogen.pdf\">Verksamhetsber\u00e4ttelse 20-21<\/a><\/li>\r\n<li><a href=\"http:\/\/lederihelsingeskogen.se\/wp-content\/uploads\/2023\/10\/Verksamhetsberattelse-2022-inlamnad-aug-2023-Leder-i-Helsingeskogen.pdf\">Verksamhetsber\u00e4ttelse 2022<\/a><\/li>\r\n<\/ul>\r\n\r\n\r\n\r\n<h2>Protokoll<\/h2>\r\n\r\n\r\n\r\n<ul>\r\n<li><a href=\"http:\/\/lederihelsingeskogen.se\/wp-content\/uploads\/2022\/01\/2017-03-23-Stamma-2017-Leder-i-Helsingeskogen-fullst.-protokoll.pdf\">2017-03-23 St\u00e4mma 2017<\/a><\/li>\r\n<li><a href=\"http:\/\/lederihelsingeskogen.se\/wp-content\/uploads\/2022\/01\/2018-05-14-Stamma-2018-Leder-i-Helsingeskogen-3.pdf\">2018-05-14 St\u00e4mma 2018<\/a><\/li>\r\n<li><a href=\"http:\/\/lederihelsingeskogen.se\/wp-content\/uploads\/2022\/01\/2019-03-28-Stamma-2019-webb-Leder-i-Helsingeskogen-fullst.-protokoll.pdf\">2019-03-28 St\u00e4mma 2019<\/a><\/li>\r\n<li><a href=\"http:\/\/lederihelsingeskogen.se\/wp-content\/uploads\/2022\/01\/2020-10-20-Stamma-2020-Leder-i-Helsingeskogen.pdf\">2020-10-20 St\u00e4mma 2020<\/a><\/li>\r\n<li><a href=\"http:\/\/lederihelsingeskogen.se\/wp-content\/uploads\/2022\/01\/Stamma-2021-Leder-i-Helsingeskogen.pdf\">2021-11-23 \u00c5rsm\u00f6te<\/a><\/li>\r\n<li><a href=\"http:\/\/lederihelsingeskogen.se\/wp-content\/uploads\/2023\/10\/Foreningstamma-for-2021-protokoll-23-04-12.pdf\">2023-04-12 \u00c5rsm\u00f6te 2021<\/a><\/li>\r\n<li><a href=\"http:\/\/lederihelsingeskogen.se\/wp-content\/uploads\/2023\/11\/Foreningstamma-for-2022-protokoll-23-11-09.pdf\">2023-11-09 \u00c5rsm\u00f6te 2022<\/a><\/li>\r\n<\/ul>\r\n<p>&nbsp;<\/p>\r\n<p><img loading=\"lazy\" class=\"alignnone size-medium wp-image-5\" src=\"http:\/\/lederihelsingeskogen.se\/wp-content\/uploads\/2022\/01\/LEDER-I-HELSINGE-SKOGEN-logga-m-EU-300x150.jpg\" alt=\"\" width=\"300\" height=\"150\" srcset=\"https:\/\/lederihelsingeskogen.se\/wp-content\/uploads\/2022\/01\/LEDER-I-HELSINGE-SKOGEN-logga-m-EU-300x150.jpg 300w, https:\/\/lederihelsingeskogen.se\/wp-content\/uploads\/2022\/01\/LEDER-I-HELSINGE-SKOGEN-logga-m-EU-1024x512.jpg 1024w, https:\/\/lederihelsingeskogen.se\/wp-content\/uploads\/2022\/01\/LEDER-I-HELSINGE-SKOGEN-logga-m-EU-768x384.jpg 768w, https:\/\/lederihelsingeskogen.se\/wp-content\/uploads\/2022\/01\/LEDER-I-HELSINGE-SKOGEN-logga-m-EU.jpg 1200w\" sizes=\"(max-width: 300px) 100vw, 300px\" \/><\/p>\r\n","protected":false},"excerpt":{"rendered":"<p>Verksamhetsber\u00e4ttelser Verksamhetsber\u00e4ttelse 2017-18 Verksamhetsber\u00e4ttelse 2018 Verksamhetsber\u00e4ttelse 2019 Verksamhetsber\u00e4ttelse 20-21 Verksamhetsber\u00e4ttelse 2022 Protokoll 2017-03-23 St\u00e4mma 2017 2018-05-14 St\u00e4mma 2018 2019-03-28 St\u00e4mma 2019 2020-10-20 St\u00e4mma 2020 2021-11-23 \u00c5rsm\u00f6te 2023-04-12 \u00c5rsm\u00f6te 2021 2023-11-09 \u00c5rsm\u00f6te 2022 &nbsp;<\/p>\n","protected":false},"author":1,"featured_media":0,"parent":0,"menu_order":0,"comment_status":"closed","ping_status":"closed","template":"","meta":[],"_links":{"self":[{"href":"https:\/\/lederihelsingeskogen.se\/index.php?rest_route=\/wp\/v2\/pages\/30"}],"collection":[{"href":"https:\/\/lederihelsingeskogen.se\/index.php?rest_route=\/wp\/v2\/pages"}],"about":[{"href":"https:\/\/lederihelsingeskogen.se\/index.php?rest_route=\/wp\/v2\/types\/page"}],"author":[{"embeddable":true,"href":"https:\/\/lederihelsingeskogen.se\/index.php?rest_route=\/wp\/v2\/users\/1"}],"replies":[{"embeddable":true,"href":"https:\/\/lederihelsingeskogen.se\/index.php?rest_route=%2Fwp%2Fv2%2Fcomments&post=30"}],"version-history":[{"count":9,"href":"https:\/\/lederihelsingeskogen.se\/index.php?rest_route=\/wp\/v2\/pages\/30\/revisions"}],"predecessor-version":[{"id":250,"href":"https:\/\/lederihelsingeskogen.se\/index.php?rest_route=\/wp\/v2\/pages\/30\/revisions\/250"}],"wp:attachment":[{"href":"https:\/\/lederihelsingeskogen.se\/index.php?rest_route=%2Fwp%2Fv2%2Fmedia&parent=30"}],"curies":[{"name":"wp","href":"https:\/\/api.w.org\/{rel}","templated":true}]}}