{"id":192,"date":"2023-03-08T19:15:32","date_gmt":"2023-03-08T19:15:32","guid":{"rendered":"https:\/\/lederihelsingeskogen.se\/?page_id=192"},"modified":"2023-03-08T20:26:19","modified_gmt":"2023-03-08T20:26:19","slug":"dagbok-2022-23","status":"publish","type":"page","link":"https:\/\/lederihelsingeskogen.se\/?page_id=192","title":{"rendered":"Dagboksklipp 2022-23"},"content":{"rendered":"<div dir=\"auto\"><strong>24\/3-22<\/strong><\/div>\n<div dir=\"auto\">K\u00f6r ut virke till 2 nya broar p\u00e5 en gammal led som vi rustar upp f\u00f6r vandring p\u00e5 sommaren och skoter p\u00e5 vintern. Enkelt n\u00e4r man har bra maskiner och redskap.<\/div>\n<div dir=\"auto\"><img loading=\"lazy\" class=\"alignnone size-thumbnail wp-image-224\" src=\"http:\/\/lederihelsingeskogen.se\/wp-content\/uploads\/2023\/03\/24-mars-22-4-150x150.jpg\" alt=\"\" width=\"150\" height=\"150\" \/> \u00a0 <img loading=\"lazy\" class=\"alignnone size-thumbnail wp-image-223\" src=\"http:\/\/lederihelsingeskogen.se\/wp-content\/uploads\/2023\/03\/24-mars-22-3-150x150.jpg\" alt=\"\" width=\"150\" height=\"150\" \/> \u00a0 <img loading=\"lazy\" class=\"alignnone size-thumbnail wp-image-218\" src=\"http:\/\/lederihelsingeskogen.se\/wp-content\/uploads\/2023\/03\/24-mars-22-150x150.jpg\" alt=\"\" width=\"150\" height=\"150\" \/><\/div>\n<p><strong>16\/4-22<\/strong><br \/>\nFikapaus p\u00e5 Stavsberg, <a href=\"https:\/\/www.facebook.com\/lederihelsingeskogen\/videos\/522555622777224\">lyssna p\u00e5 f\u00e5gelkvittret!<\/a><\/p>\n<p><strong>20\/7-22<\/strong><br \/>\nDikat ut ett surh\u00e5l och lagt en trumma f\u00f6r b\u00e4ttre framkomlighet om det inte \u00e4r fruset.<\/p>\n<p><img loading=\"lazy\" class=\"alignnone wp-image-214 size-full\" src=\"http:\/\/lederihelsingeskogen.se\/wp-content\/uploads\/2023\/03\/20-juli-22-2.jpg\" alt=\"\" width=\"450\" height=\"600\" srcset=\"https:\/\/lederihelsingeskogen.se\/wp-content\/uploads\/2023\/03\/20-juli-22-2.jpg 450w, https:\/\/lederihelsingeskogen.se\/wp-content\/uploads\/2023\/03\/20-juli-22-2-225x300.jpg 225w\" sizes=\"(max-width: 450px) 100vw, 450px\" \/><\/p>\n<p><strong>27\/7-22 och 28\/7-22<\/strong><br \/>\nNy led f\u00f6rbi Ljugarstj\u00e4rnarna f\u00f6r att komma bort fr\u00e5n alla bl\u00f6th\u00e5l d\u00e4r n\u00e4r det inte \u00e4r ordentligt fruset.<\/p>\n<p><img loading=\"lazy\" class=\"alignnone wp-image-221 size-medium\" src=\"http:\/\/lederihelsingeskogen.se\/wp-content\/uploads\/2023\/03\/28-juli-22-164x300.jpg\" alt=\"\" width=\"164\" height=\"300\" srcset=\"https:\/\/lederihelsingeskogen.se\/wp-content\/uploads\/2023\/03\/28-juli-22-164x300.jpg 164w, https:\/\/lederihelsingeskogen.se\/wp-content\/uploads\/2023\/03\/28-juli-22.jpg 525w\" sizes=\"(max-width: 164px) 100vw, 164px\" \/>\u00a0 \u00a0 <img loading=\"lazy\" class=\"alignnone wp-image-220 size-medium\" src=\"http:\/\/lederihelsingeskogen.se\/wp-content\/uploads\/2023\/03\/27-juli-22-224x300.jpg\" alt=\"\" width=\"224\" height=\"300\" srcset=\"https:\/\/lederihelsingeskogen.se\/wp-content\/uploads\/2023\/03\/27-juli-22-224x300.jpg 224w, https:\/\/lederihelsingeskogen.se\/wp-content\/uploads\/2023\/03\/27-juli-22.jpg 526w\" sizes=\"(max-width: 224px) 100vw, 224px\" \/><\/p>\n<p><strong>8\/9-22<\/strong><br \/>\n\u00c4nnu mer om <a class=\"x1i10hfl xjbqb8w x6umtig x1b1mbwd xaqea5y xav7gou x9f619 x1ypdohk xt0psk2 xe8uvvx xdj266r x11i5rnm xat24cr x1mh8g0r xexx8yu x4uap5 x18d9i69 xkhd6sd x16tdsg8 x1hl2dhg xggy1nq x1a2a7pz xt0b8zv x1qq9wsj xo1l8bm\" tabindex=\"0\" role=\"link\" href=\"https:\/\/www.facebook.com\/hashtag\/vandringensdag?__eep__=6&amp;__cft__[0]=AZUOjoXNci5iq3zmxMGoYIFUe7o4RZG8adDgPIEZhIGfRCEm6t_PT-192rNbVhKWnNWaBskVCyVQCTTNsbe_1b6gANJYhTT73OZJ0q5RmcugDOAzg-hPp-JjBZhGyd67VB1HYqaRC4O9gLnwq8qMxo4rGz-cbXXD12h_sBNshA_WExoHrtOtVGULbsBFbTziwZW7NQxnqxQEi64Z2HrygLHw&amp;__tn__=*NK-R\">#vandringensdag<\/a>! Om du inte h\u00e4nger p\u00e5 <a class=\"x1i10hfl xjbqb8w x6umtig x1b1mbwd xaqea5y xav7gou x9f619 x1ypdohk xt0psk2 xe8uvvx xdj266r x11i5rnm xat24cr x1mh8g0r xexx8yu x4uap5 x18d9i69 xkhd6sd x16tdsg8 x1hl2dhg xggy1nq x1a2a7pz xt0b8zv x1qq9wsj xo1l8bm\" tabindex=\"0\" role=\"link\" href=\"https:\/\/www.facebook.com\/hashtag\/s%C3%B6dersfriskv%C3%A5rd?__eep__=6&amp;__cft__[0]=AZUOjoXNci5iq3zmxMGoYIFUe7o4RZG8adDgPIEZhIGfRCEm6t_PT-192rNbVhKWnNWaBskVCyVQCTTNsbe_1b6gANJYhTT73OZJ0q5RmcugDOAzg-hPp-JjBZhGyd67VB1HYqaRC4O9gLnwq8qMxo4rGz-cbXXD12h_sBNshA_WExoHrtOtVGULbsBFbTziwZW7NQxnqxQEi64Z2HrygLHw&amp;__tn__=*NK-R\">#s\u00f6dersfriskv\u00e5rd<\/a> l\u00e4ngs Flottarleden eller kyrkans <a class=\"x1i10hfl xjbqb8w x6umtig x1b1mbwd xaqea5y xav7gou x9f619 x1ypdohk xt0psk2 xe8uvvx xdj266r x11i5rnm xat24cr x1mh8g0r xexx8yu x4uap5 x18d9i69 xkhd6sd x16tdsg8 x1hl2dhg xggy1nq x1a2a7pz xt0b8zv x1qq9wsj xo1l8bm\" tabindex=\"0\" role=\"link\" href=\"https:\/\/www.facebook.com\/hashtag\/pilgrimsvandring?__eep__=6&amp;__cft__[0]=AZUOjoXNci5iq3zmxMGoYIFUe7o4RZG8adDgPIEZhIGfRCEm6t_PT-192rNbVhKWnNWaBskVCyVQCTTNsbe_1b6gANJYhTT73OZJ0q5RmcugDOAzg-hPp-JjBZhGyd67VB1HYqaRC4O9gLnwq8qMxo4rGz-cbXXD12h_sBNshA_WExoHrtOtVGULbsBFbTziwZW7NQxnqxQEi64Z2HrygLHw&amp;__tn__=*NK-R\">#pilgrimsvandring<\/a> i S\u00e4ssmanomr\u00e5det kan du vandra l\u00e4ngs n\u00e5gon av alla <a class=\"x1i10hfl xjbqb8w x6umtig x1b1mbwd xaqea5y xav7gou x9f619 x1ypdohk xt0psk2 xe8uvvx xdj266r x11i5rnm xat24cr x1mh8g0r xexx8yu x4uap5 x18d9i69 xkhd6sd x16tdsg8 x1hl2dhg xggy1nq x1a2a7pz xt0b8zv x1qq9wsj xo1l8bm\" tabindex=\"0\" role=\"link\" href=\"https:\/\/www.facebook.com\/hashtag\/lederihelsingeskogen?__eep__=6&amp;__cft__[0]=AZUOjoXNci5iq3zmxMGoYIFUe7o4RZG8adDgPIEZhIGfRCEm6t_PT-192rNbVhKWnNWaBskVCyVQCTTNsbe_1b6gANJYhTT73OZJ0q5RmcugDOAzg-hPp-JjBZhGyd67VB1HYqaRC4O9gLnwq8qMxo4rGz-cbXXD12h_sBNshA_WExoHrtOtVGULbsBFbTziwZW7NQxnqxQEi64Z2HrygLHw&amp;__tn__=*NK-R\">#lederihelsingeskogen<\/a> som finns p\u00e5 <a class=\"x1i10hfl xjbqb8w x6umtig x1b1mbwd xaqea5y xav7gou x9f619 x1ypdohk xt0psk2 xe8uvvx xdj266r x11i5rnm xat24cr x1mh8g0r xexx8yu x4uap5 x18d9i69 xkhd6sd x16tdsg8 x1hl2dhg xggy1nq x1a2a7pz xt0b8zv x1qq9wsj xo1l8bm\" tabindex=\"0\" role=\"link\" href=\"https:\/\/www.facebook.com\/hashtag\/naturkartan?__eep__=6&amp;__cft__[0]=AZUOjoXNci5iq3zmxMGoYIFUe7o4RZG8adDgPIEZhIGfRCEm6t_PT-192rNbVhKWnNWaBskVCyVQCTTNsbe_1b6gANJYhTT73OZJ0q5RmcugDOAzg-hPp-JjBZhGyd67VB1HYqaRC4O9gLnwq8qMxo4rGz-cbXXD12h_sBNshA_WExoHrtOtVGULbsBFbTziwZW7NQxnqxQEi64Z2HrygLHw&amp;__tn__=*NK-R\">#naturkartan<\/a>! S\u00f6k under <a class=\"x1i10hfl xjbqb8w x6umtig x1b1mbwd xaqea5y xav7gou x9f619 x1ypdohk xt0psk2 xe8uvvx xdj266r x11i5rnm xat24cr x1mh8g0r xexx8yu x4uap5 x18d9i69 xkhd6sd x16tdsg8 x1hl2dhg xggy1nq x1a2a7pz xt0b8zv x1qq9wsj xo1l8bm\" tabindex=\"0\" role=\"link\" href=\"https:\/\/www.facebook.com\/hashtag\/biosf%C3%A4romr%C3%A5devoxnadalen?__eep__=6&amp;__cft__[0]=AZUOjoXNci5iq3zmxMGoYIFUe7o4RZG8adDgPIEZhIGfRCEm6t_PT-192rNbVhKWnNWaBskVCyVQCTTNsbe_1b6gANJYhTT73OZJ0q5RmcugDOAzg-hPp-JjBZhGyd67VB1HYqaRC4O9gLnwq8qMxo4rGz-cbXXD12h_sBNshA_WExoHrtOtVGULbsBFbTziwZW7NQxnqxQEi64Z2HrygLHw&amp;__tn__=*NK-R\">#biosf\u00e4romr\u00e5devoxnadalen<\/a>!<\/p>\n<p><strong>10\/9-22<\/strong><br \/>\nVandra vid Voxnan p\u00e5 l\u00f6rdag!<br \/>\n<em style=\"font-family: var(--list--font-family); background-color: var(--global--color-background); color: var(--global--color-primary); font-size: var(--global--font-size-base);\">Sven Hillert: &#8221;Kom fr\u00e5n n\u00e4r och fj\u00e4rran. Upplev det vackra och artrika S\u00e4ssmanomr\u00e5det. D\u00e4r vi vill ge fler arter tillbaka sin plats. I Voxnadalens biosf\u00e4romr\u00e5de. <span style=\"font-family: var(--list--font-family); background-color: var(--global--color-background); color: var(--global--color-primary); font-size: var(--global--font-size-base);\">Pilgrimsvandra nu p\u00e5 l\u00f6rdag den 10 september-22 kl 9-12 fr\u00e5n S:t Olofs kapell till Ovan\u00e5kers kyrka genom det fantastiska S\u00e4ssmanomr\u00e5det.&#8221;<\/span><\/em><\/p>\n<p><img loading=\"lazy\" class=\"alignnone wp-image-201 size-full\" src=\"http:\/\/lederihelsingeskogen.se\/wp-content\/uploads\/2023\/03\/7-sept-22-1.jpg\" alt=\"\" width=\"450\" height=\"600\" srcset=\"https:\/\/lederihelsingeskogen.se\/wp-content\/uploads\/2023\/03\/7-sept-22-1.jpg 450w, https:\/\/lederihelsingeskogen.se\/wp-content\/uploads\/2023\/03\/7-sept-22-1-225x300.jpg 225w\" sizes=\"(max-width: 450px) 100vw, 450px\" \/><\/p>\n<p><strong>13\/11-22<\/strong><br \/>\nFixade skoterleden f\u00f6rbi nya v\u00e4rmeverket Edsbyn i g\u00e5r, \u00e4ven upp\/nerfarten vid Karl Hedins fick en liten putsning. Tack Nicken f\u00f6r bra support!<\/p>\n<p><img loading=\"lazy\" class=\"alignnone size-thumbnail wp-image-209\" src=\"http:\/\/lederihelsingeskogen.se\/wp-content\/uploads\/2023\/03\/13-nov-22-4-150x150.jpg\" alt=\"\" width=\"150\" height=\"150\" \/>\u00a0 \u00a0 <img loading=\"lazy\" class=\"alignnone size-thumbnail wp-image-208\" src=\"http:\/\/lederihelsingeskogen.se\/wp-content\/uploads\/2023\/03\/13-nov-22-3-150x150.jpg\" alt=\"\" width=\"150\" height=\"150\" \/>\u00a0 \u00a0\u00a0 <img loading=\"lazy\" class=\"alignnone size-thumbnail wp-image-207\" src=\"http:\/\/lederihelsingeskogen.se\/wp-content\/uploads\/2023\/03\/13-nov-22-2-150x150.jpg\" alt=\"\" width=\"150\" height=\"150\" \/><\/p>\n<p><strong>4\/12-22<\/strong><br \/>\nI Grann\u00e4s \u00e4r det riktig vinter!<\/p>\n<p><img loading=\"lazy\" class=\"alignnone size-thumbnail wp-image-199\" src=\"http:\/\/lederihelsingeskogen.se\/wp-content\/uploads\/2023\/03\/4-dec-22-4-150x150.jpg\" alt=\"\" width=\"150\" height=\"150\" \/>\u00a0 \u00a0<img loading=\"lazy\" class=\"alignnone size-thumbnail wp-image-197\" src=\"http:\/\/lederihelsingeskogen.se\/wp-content\/uploads\/2023\/03\/4-dec-22-2-150x150.jpg\" alt=\"\" width=\"150\" height=\"150\" \/>\u00a0 \u00a0<img loading=\"lazy\" class=\"alignnone size-thumbnail wp-image-198\" src=\"http:\/\/lederihelsingeskogen.se\/wp-content\/uploads\/2023\/03\/4-dec-22-3-150x150.jpg\" alt=\"\" width=\"150\" height=\"150\" \/><\/p>\n<p><strong>15\/12-22<br \/>\n<\/strong>Guidade 2 trevliga grabbar fr\u00e5n M\u00e4lardalen i dag, 6 mil, sol och minus 19 grader, en riktigt fin dag med skoter\u00e5kning och grillning i eldpallkojan Stavsberg.<\/p>\n<p><img loading=\"lazy\" class=\"alignnone size-thumbnail wp-image-213\" src=\"http:\/\/lederihelsingeskogen.se\/wp-content\/uploads\/2023\/03\/15-dec-2022-1-150x150.jpg\" alt=\"\" width=\"150\" height=\"150\" \/>\u00a0 \u00a0 <img loading=\"lazy\" class=\"alignnone size-thumbnail wp-image-212\" src=\"http:\/\/lederihelsingeskogen.se\/wp-content\/uploads\/2023\/03\/15-dec-2022-3-150x150.jpg\" alt=\"\" width=\"150\" height=\"150\" \/>\u00a0 \u00a0 <img loading=\"lazy\" class=\"alignnone size-thumbnail wp-image-211\" src=\"http:\/\/lederihelsingeskogen.se\/wp-content\/uploads\/2023\/03\/15-dec-2022-2-150x150.jpg\" alt=\"\" width=\"150\" height=\"150\" \/><\/p>\n<div dir=\"auto\"><strong>21\/1-23<\/strong><br \/>\nK\u00f6rde upp leden till Svabensverk i g\u00e5r, bl\u00f6tt vid Glittern s\u00e5 vi l\u00e4mnade sladdarna d\u00e4r, men vi k\u00f6rde fram till Svaben med skotrarna. K\u00f6rde fast i n\u00e5gra surh\u00e5l s\u00e5 se er f\u00f6r om ni ska \u00e5ka d\u00e4r innan det hunnit frysa ordentligt! Tack Anders Bosson f\u00f6r hj\u00e4lp och s\u00e4llskap!<\/div>\n<div dir=\"auto\"><\/div>\n<div dir=\"auto\"><img loading=\"lazy\" class=\"alignnone wp-image-215 size-full\" src=\"http:\/\/lederihelsingeskogen.se\/wp-content\/uploads\/2023\/03\/21-jan-23.jpg\" alt=\"\" width=\"494\" height=\"960\" srcset=\"https:\/\/lederihelsingeskogen.se\/wp-content\/uploads\/2023\/03\/21-jan-23.jpg 494w, https:\/\/lederihelsingeskogen.se\/wp-content\/uploads\/2023\/03\/21-jan-23-154x300.jpg 154w\" sizes=\"(max-width: 494px) 100vw, 494px\" \/><\/div>\n<div dir=\"auto\"><\/div>\n<div dir=\"auto\"><strong>11\/2-23<\/strong><br \/>\nSatte upp flera nya skyltar i f\u00f6rrg\u00e5r (torsdag): s\u00f6der om Sk\u00e5lsj\u00f6n, H\u00e4sbo, \u00c4lgsj\u00f6n. och Pr\u00e4stberget<\/div>\n<div dir=\"auto\"><img loading=\"lazy\" class=\"alignnone size-thumbnail wp-image-205\" src=\"http:\/\/lederihelsingeskogen.se\/wp-content\/uploads\/2023\/03\/11-feb-23-bild-1-150x150.jpg\" alt=\"\" width=\"150\" height=\"150\" \/>\u00a0 \u00a0\u00a0 <img loading=\"lazy\" class=\"alignnone size-thumbnail wp-image-206\" src=\"http:\/\/lederihelsingeskogen.se\/wp-content\/uploads\/2023\/03\/11-feb-23-bild-2-150x150.jpg\" alt=\"\" width=\"150\" height=\"150\" \/>\u00a0 \u00a0\u00a0 <img loading=\"lazy\" class=\"alignnone size-thumbnail wp-image-203\" src=\"http:\/\/lederihelsingeskogen.se\/wp-content\/uploads\/2023\/03\/11-feb-23-bild-3-150x150.jpg\" alt=\"\" width=\"150\" height=\"150\" \/><\/div>\n<p><strong>23\/2-23<\/strong><br \/>\nPreparerat skoterleden Grann\u00e4s-H\u00e4sbo-Svabensverk i dag, (t.o.r.) det g\u00e5r j\u00e4ttebra att f\u00e5 fin led efter projektets upprustning av ledytan! (Bild \u00f6verst!)<\/p>\n<p>&nbsp;<\/p>\n<p><strong>2\/3-23<br \/>\n<\/strong>F\u00f6rskoleklassen i Viksj\u00f6fors bjuds p\u00e5 skoterutflykt till Stavsberg!<\/p>\n<p><iframe loading=\"lazy\" title=\"Mot Stavsberg!\" width=\"750\" height=\"422\" src=\"https:\/\/www.youtube.com\/embed\/MMj1by9ouwo?feature=oembed\" frameborder=\"0\" allow=\"accelerometer; autoplay; clipboard-write; encrypted-media; gyroscope; picture-in-picture; web-share\" allowfullscreen><\/iframe><\/p>\n","protected":false},"excerpt":{"rendered":"<p>24\/3-22 K\u00f6r ut virke till 2 nya broar p\u00e5 en gammal led som vi rustar upp f\u00f6r vandring p\u00e5 sommaren och skoter p\u00e5 vintern. Enkelt n\u00e4r man har bra maskiner och redskap. \u00a0 \u00a0 16\/4-22 Fikapaus p\u00e5 Stavsberg, lyssna p\u00e5 f\u00e5gelkvittret! 20\/7-22 Dikat ut ett surh\u00e5l och lagt en trumma f\u00f6r b\u00e4ttre framkomlighet om det&hellip; <a class=\"more-link\" href=\"https:\/\/lederihelsingeskogen.se\/?page_id=192\">Forts\u00e4tt l\u00e4sa <span class=\"screen-reader-text\">Dagboksklipp 2022-23<\/span><\/a><\/p>\n","protected":false},"author":1,"featured_media":216,"parent":0,"menu_order":0,"comment_status":"closed","ping_status":"closed","template":"","meta":[],"_links":{"self":[{"href":"https:\/\/lederihelsingeskogen.se\/index.php?rest_route=\/wp\/v2\/pages\/192"}],"collection":[{"href":"https:\/\/lederihelsingeskogen.se\/index.php?rest_route=\/wp\/v2\/pages"}],"about":[{"href":"https:\/\/lederihelsingeskogen.se\/index.php?rest_route=\/wp\/v2\/types\/page"}],"author":[{"embeddable":true,"href":"https:\/\/lederihelsingeskogen.se\/index.php?rest_route=\/wp\/v2\/users\/1"}],"replies":[{"embeddable":true,"href":"https:\/\/lederihelsingeskogen.se\/index.php?rest_route=%2Fwp%2Fv2%2Fcomments&post=192"}],"version-history":[{"count":17,"href":"https:\/\/lederihelsingeskogen.se\/index.php?rest_route=\/wp\/v2\/pages\/192\/revisions"}],"predecessor-version":[{"id":238,"href":"https:\/\/lederihelsingeskogen.se\/index.php?rest_route=\/wp\/v2\/pages\/192\/revisions\/238"}],"wp:featuredmedia":[{"embeddable":true,"href":"https:\/\/lederihelsingeskogen.se\/index.php?rest_route=\/wp\/v2\/media\/216"}],"wp:attachment":[{"href":"https:\/\/lederihelsingeskogen.se\/index.php?rest_route=%2Fwp%2Fv2%2Fmedia&parent=192"}],"curies":[{"name":"wp","href":"https:\/\/api.w.org\/{rel}","templated":true}]}}