{"id":114,"date":"2022-01-17T18:01:22","date_gmt":"2022-01-17T18:01:22","guid":{"rendered":"https:\/\/lederihelsingeskogen.se\/?page_id=114"},"modified":"2023-03-08T18:46:08","modified_gmt":"2023-03-08T18:46:08","slug":"aktiviteter","status":"publish","type":"page","link":"https:\/\/lederihelsingeskogen.se\/?page_id=114","title":{"rendered":"Aktiviteter"},"content":{"rendered":"<p><iframe loading=\"lazy\" title=\"Skoter i Finnskogen.mp4\" src=\"https:\/\/player.vimeo.com\/video\/679092140?h=603abcf7d7&amp;dnt=1&amp;app_id=122963\" width=\"750\" height=\"422\" frameborder=\"0\" allow=\"autoplay; fullscreen; picture-in-picture\" allowfullscreen><\/iframe><\/p>\n<p>Filmen ovan \u00e4r fr\u00e5n februari i \u00e5r, 2022. Arrangemanget ing\u00e5r i v\u00e5rt och Viksj\u00f6forsbalettens <a href=\"https:\/\/artinedviksjofors.se\/allemansdansen\/\">samarbetsprojekt om Allemansr\u00e4tten<\/a> #allemansdansen.<\/p>\n<p>Tyv\u00e4rr raderades denna webbsida nyligen och alla artiklar och bilder fr\u00e5n v\u00e5r tidigare verksamhet f\u00f6rsvann. H\u00e4r \u00e4r i alla fall n\u00e5gra bilder fr\u00e5n arkivet:<\/p>\n<div id='gallery-1' class='gallery galleryid-114 gallery-columns-3 gallery-size-medium'><figure class='gallery-item'>\n\t\t\t<div class='gallery-icon portrait'>\n\t\t\t\t<a href='https:\/\/lederihelsingeskogen.se\/?attachment_id=7'><img width=\"225\" height=\"300\" src=\"https:\/\/lederihelsingeskogen.se\/wp-content\/uploads\/2022\/01\/20190118-225x300.jpg\" class=\"attachment-medium size-medium\" alt=\"\" loading=\"lazy\" srcset=\"https:\/\/lederihelsingeskogen.se\/wp-content\/uploads\/2022\/01\/20190118-225x300.jpg 225w, https:\/\/lederihelsingeskogen.se\/wp-content\/uploads\/2022\/01\/20190118-768x1024.jpg 768w, https:\/\/lederihelsingeskogen.se\/wp-content\/uploads\/2022\/01\/20190118-1152x1536.jpg 1152w, https:\/\/lederihelsingeskogen.se\/wp-content\/uploads\/2022\/01\/20190118-1536x2048.jpg 1536w, https:\/\/lederihelsingeskogen.se\/wp-content\/uploads\/2022\/01\/20190118-1568x2091.jpg 1568w, https:\/\/lederihelsingeskogen.se\/wp-content\/uploads\/2022\/01\/20190118-scaled.jpg 1920w\" sizes=\"(max-width: 225px) 100vw, 225px\" style=\"width:100%;height:133.33%;max-width:1920px;\" \/><\/a>\n\t\t\t<\/div><\/figure><figure class='gallery-item'>\n\t\t\t<div class='gallery-icon portrait'>\n\t\t\t\t<a href='https:\/\/lederihelsingeskogen.se\/?attachment_id=12'><img width=\"225\" height=\"300\" src=\"https:\/\/lederihelsingeskogen.se\/wp-content\/uploads\/2022\/01\/Fil-033-225x300.jpeg\" class=\"attachment-medium size-medium\" alt=\"\" loading=\"lazy\" srcset=\"https:\/\/lederihelsingeskogen.se\/wp-content\/uploads\/2022\/01\/Fil-033-225x300.jpeg 225w, https:\/\/lederihelsingeskogen.se\/wp-content\/uploads\/2022\/01\/Fil-033.jpeg 720w\" sizes=\"(max-width: 225px) 100vw, 225px\" style=\"width:100%;height:133.33%;max-width:720px;\" \/><\/a>\n\t\t\t<\/div><\/figure><figure class='gallery-item'>\n\t\t\t<div class='gallery-icon portrait'>\n\t\t\t\t<a href='https:\/\/lederihelsingeskogen.se\/?attachment_id=11'><img width=\"225\" height=\"300\" src=\"https:\/\/lederihelsingeskogen.se\/wp-content\/uploads\/2022\/01\/Alfta-Kyrkstjarn-225x300.jpg\" class=\"attachment-medium size-medium\" alt=\"\" loading=\"lazy\" srcset=\"https:\/\/lederihelsingeskogen.se\/wp-content\/uploads\/2022\/01\/Alfta-Kyrkstjarn-225x300.jpg 225w, https:\/\/lederihelsingeskogen.se\/wp-content\/uploads\/2022\/01\/Alfta-Kyrkstjarn.jpg 450w\" sizes=\"(max-width: 225px) 100vw, 225px\" style=\"width:100%;height:133.33%;max-width:450px;\" \/><\/a>\n\t\t\t<\/div><\/figure><figure class='gallery-item'>\n\t\t\t<div class='gallery-icon landscape'>\n\t\t\t\t<a href='https:\/\/lederihelsingeskogen.se\/?attachment_id=49'><img width=\"300\" height=\"225\" src=\"https:\/\/lederihelsingeskogen.se\/wp-content\/uploads\/2022\/01\/Fil-026-300x225.jpeg\" class=\"attachment-medium size-medium\" alt=\"\" loading=\"lazy\" srcset=\"https:\/\/lederihelsingeskogen.se\/wp-content\/uploads\/2022\/01\/Fil-026-300x225.jpeg 300w, https:\/\/lederihelsingeskogen.se\/wp-content\/uploads\/2022\/01\/Fil-026-768x576.jpeg 768w, https:\/\/lederihelsingeskogen.se\/wp-content\/uploads\/2022\/01\/Fil-026.jpeg 960w\" sizes=\"(max-width: 300px) 100vw, 300px\" style=\"width:100%;height:75%;max-width:960px;\" \/><\/a>\n\t\t\t<\/div><\/figure><figure class='gallery-item'>\n\t\t\t<div class='gallery-icon landscape'>\n\t\t\t\t<a href='https:\/\/lederihelsingeskogen.se\/?attachment_id=48'><img width=\"300\" height=\"225\" src=\"https:\/\/lederihelsingeskogen.se\/wp-content\/uploads\/2022\/01\/Fil-019-300x225.jpeg\" class=\"attachment-medium size-medium\" alt=\"\" loading=\"lazy\" srcset=\"https:\/\/lederihelsingeskogen.se\/wp-content\/uploads\/2022\/01\/Fil-019-300x225.jpeg 300w, https:\/\/lederihelsingeskogen.se\/wp-content\/uploads\/2022\/01\/Fil-019-1024x768.jpeg 1024w, https:\/\/lederihelsingeskogen.se\/wp-content\/uploads\/2022\/01\/Fil-019-768x576.jpeg 768w, https:\/\/lederihelsingeskogen.se\/wp-content\/uploads\/2022\/01\/Fil-019.jpeg 1440w\" sizes=\"(max-width: 300px) 100vw, 300px\" style=\"width:100%;height:75%;max-width:1440px;\" \/><\/a>\n\t\t\t<\/div><\/figure><figure class='gallery-item'>\n\t\t\t<div class='gallery-icon landscape'>\n\t\t\t\t<a href='https:\/\/lederihelsingeskogen.se\/?attachment_id=47'><img width=\"300\" height=\"225\" src=\"https:\/\/lederihelsingeskogen.se\/wp-content\/uploads\/2022\/01\/Fil-018-300x225.jpeg\" class=\"attachment-medium size-medium\" alt=\"\" loading=\"lazy\" srcset=\"https:\/\/lederihelsingeskogen.se\/wp-content\/uploads\/2022\/01\/Fil-018-300x225.jpeg 300w, https:\/\/lederihelsingeskogen.se\/wp-content\/uploads\/2022\/01\/Fil-018-768x576.jpeg 768w, https:\/\/lederihelsingeskogen.se\/wp-content\/uploads\/2022\/01\/Fil-018.jpeg 960w\" sizes=\"(max-width: 300px) 100vw, 300px\" style=\"width:100%;height:75%;max-width:960px;\" \/><\/a>\n\t\t\t<\/div><\/figure><figure class='gallery-item'>\n\t\t\t<div class='gallery-icon landscape'>\n\t\t\t\t<a href='https:\/\/lederihelsingeskogen.se\/?attachment_id=44'><img width=\"300\" height=\"225\" src=\"https:\/\/lederihelsingeskogen.se\/wp-content\/uploads\/2022\/01\/Fil-014-300x225.jpeg\" class=\"attachment-medium size-medium\" alt=\"\" loading=\"lazy\" srcset=\"https:\/\/lederihelsingeskogen.se\/wp-content\/uploads\/2022\/01\/Fil-014-300x225.jpeg 300w, https:\/\/lederihelsingeskogen.se\/wp-content\/uploads\/2022\/01\/Fil-014-768x576.jpeg 768w, https:\/\/lederihelsingeskogen.se\/wp-content\/uploads\/2022\/01\/Fil-014.jpeg 960w\" sizes=\"(max-width: 300px) 100vw, 300px\" style=\"width:100%;height:75%;max-width:960px;\" \/><\/a>\n\t\t\t<\/div><\/figure><figure class='gallery-item'>\n\t\t\t<div class='gallery-icon landscape'>\n\t\t\t\t<a href='https:\/\/lederihelsingeskogen.se\/?attachment_id=45'><img width=\"300\" height=\"225\" src=\"https:\/\/lederihelsingeskogen.se\/wp-content\/uploads\/2022\/01\/Fil-015-300x225.jpeg\" class=\"attachment-medium size-medium\" alt=\"\" loading=\"lazy\" srcset=\"https:\/\/lederihelsingeskogen.se\/wp-content\/uploads\/2022\/01\/Fil-015-300x225.jpeg 300w, https:\/\/lederihelsingeskogen.se\/wp-content\/uploads\/2022\/01\/Fil-015-768x576.jpeg 768w, https:\/\/lederihelsingeskogen.se\/wp-content\/uploads\/2022\/01\/Fil-015.jpeg 960w\" sizes=\"(max-width: 300px) 100vw, 300px\" style=\"width:100%;height:75%;max-width:960px;\" \/><\/a>\n\t\t\t<\/div><\/figure><figure class='gallery-item'>\n\t\t\t<div class='gallery-icon landscape'>\n\t\t\t\t<a href='https:\/\/lederihelsingeskogen.se\/?attachment_id=46'><img width=\"300\" height=\"225\" src=\"https:\/\/lederihelsingeskogen.se\/wp-content\/uploads\/2022\/01\/Fil-017-300x225.jpeg\" class=\"attachment-medium size-medium\" alt=\"\" loading=\"lazy\" srcset=\"https:\/\/lederihelsingeskogen.se\/wp-content\/uploads\/2022\/01\/Fil-017-300x225.jpeg 300w, https:\/\/lederihelsingeskogen.se\/wp-content\/uploads\/2022\/01\/Fil-017-768x576.jpeg 768w, https:\/\/lederihelsingeskogen.se\/wp-content\/uploads\/2022\/01\/Fil-017.jpeg 960w\" sizes=\"(max-width: 300px) 100vw, 300px\" style=\"width:100%;height:75%;max-width:960px;\" \/><\/a>\n\t\t\t<\/div><\/figure><figure class='gallery-item'>\n\t\t\t<div class='gallery-icon landscape'>\n\t\t\t\t<a href='https:\/\/lederihelsingeskogen.se\/?attachment_id=39'><img width=\"300\" height=\"225\" src=\"https:\/\/lederihelsingeskogen.se\/wp-content\/uploads\/2022\/01\/20190722-300x225.jpg\" class=\"attachment-medium size-medium\" alt=\"\" loading=\"lazy\" srcset=\"https:\/\/lederihelsingeskogen.se\/wp-content\/uploads\/2022\/01\/20190722-300x225.jpg 300w, https:\/\/lederihelsingeskogen.se\/wp-content\/uploads\/2022\/01\/20190722-1024x768.jpg 1024w, https:\/\/lederihelsingeskogen.se\/wp-content\/uploads\/2022\/01\/20190722-768x576.jpg 768w, https:\/\/lederihelsingeskogen.se\/wp-content\/uploads\/2022\/01\/20190722-1536x1152.jpg 1536w, https:\/\/lederihelsingeskogen.se\/wp-content\/uploads\/2022\/01\/20190722-2048x1536.jpg 2048w, https:\/\/lederihelsingeskogen.se\/wp-content\/uploads\/2022\/01\/20190722-1568x1176.jpg 1568w\" sizes=\"(max-width: 300px) 100vw, 300px\" style=\"width:100%;height:75%;max-width:2560px;\" \/><\/a>\n\t\t\t<\/div><\/figure><figure class='gallery-item'>\n\t\t\t<div class='gallery-icon landscape'>\n\t\t\t\t<a href='https:\/\/lederihelsingeskogen.se\/?attachment_id=38'><img width=\"300\" height=\"225\" src=\"https:\/\/lederihelsingeskogen.se\/wp-content\/uploads\/2022\/01\/20190702-300x225.jpg\" class=\"attachment-medium size-medium\" alt=\"\" loading=\"lazy\" srcset=\"https:\/\/lederihelsingeskogen.se\/wp-content\/uploads\/2022\/01\/20190702-300x225.jpg 300w, https:\/\/lederihelsingeskogen.se\/wp-content\/uploads\/2022\/01\/20190702-1024x768.jpg 1024w, https:\/\/lederihelsingeskogen.se\/wp-content\/uploads\/2022\/01\/20190702-768x576.jpg 768w, https:\/\/lederihelsingeskogen.se\/wp-content\/uploads\/2022\/01\/20190702-1536x1152.jpg 1536w, https:\/\/lederihelsingeskogen.se\/wp-content\/uploads\/2022\/01\/20190702-2048x1536.jpg 2048w, https:\/\/lederihelsingeskogen.se\/wp-content\/uploads\/2022\/01\/20190702-1568x1176.jpg 1568w\" sizes=\"(max-width: 300px) 100vw, 300px\" style=\"width:100%;height:75%;max-width:2560px;\" \/><\/a>\n\t\t\t<\/div><\/figure><figure class='gallery-item'>\n\t\t\t<div class='gallery-icon landscape'>\n\t\t\t\t<a href='https:\/\/lederihelsingeskogen.se\/?attachment_id=13'><img width=\"300\" height=\"225\" src=\"https:\/\/lederihelsingeskogen.se\/wp-content\/uploads\/2022\/01\/Flottarleden-Vickan-300x225.jpg\" class=\"attachment-medium size-medium\" alt=\"\" loading=\"lazy\" srcset=\"https:\/\/lederihelsingeskogen.se\/wp-content\/uploads\/2022\/01\/Flottarleden-Vickan-300x225.jpg 300w, https:\/\/lederihelsingeskogen.se\/wp-content\/uploads\/2022\/01\/Flottarleden-Vickan-768x576.jpg 768w, https:\/\/lederihelsingeskogen.se\/wp-content\/uploads\/2022\/01\/Flottarleden-Vickan.jpg 960w\" sizes=\"(max-width: 300px) 100vw, 300px\" style=\"width:100%;height:75%;max-width:960px;\" \/><\/a>\n\t\t\t<\/div><\/figure>\n\t\t<\/div>\n\n<p>Om du vill se och l\u00e4sa mer om v\u00e5ra planerade och genomf\u00f6rda aktiviteter ute i Helsingeskogen kan du bes\u00f6ka v\u00e5r <strong><span style=\"color: #3366ff;\">Facebooksida:\u00a0@lederihelsingeskogen!\u00a0<\/span><\/strong><\/p>\n","protected":false},"excerpt":{"rendered":"<p>Filmen ovan \u00e4r fr\u00e5n februari i \u00e5r, 2022. Arrangemanget ing\u00e5r i v\u00e5rt och Viksj\u00f6forsbalettens samarbetsprojekt om Allemansr\u00e4tten #allemansdansen. Tyv\u00e4rr raderades denna webbsida nyligen och alla artiklar och bilder fr\u00e5n v\u00e5r tidigare verksamhet f\u00f6rsvann. H\u00e4r \u00e4r i alla fall n\u00e5gra bilder fr\u00e5n arkivet: Om du vill se och l\u00e4sa mer om v\u00e5ra planerade och genomf\u00f6rda aktiviteter&hellip; <a class=\"more-link\" href=\"https:\/\/lederihelsingeskogen.se\/?page_id=114\">Forts\u00e4tt l\u00e4sa <span class=\"screen-reader-text\">Aktiviteter<\/span><\/a><\/p>\n","protected":false},"author":1,"featured_media":0,"parent":0,"menu_order":0,"comment_status":"closed","ping_status":"closed","template":"","meta":[],"_links":{"self":[{"href":"https:\/\/lederihelsingeskogen.se\/index.php?rest_route=\/wp\/v2\/pages\/114"}],"collection":[{"href":"https:\/\/lederihelsingeskogen.se\/index.php?rest_route=\/wp\/v2\/pages"}],"about":[{"href":"https:\/\/lederihelsingeskogen.se\/index.php?rest_route=\/wp\/v2\/types\/page"}],"author":[{"embeddable":true,"href":"https:\/\/lederihelsingeskogen.se\/index.php?rest_route=\/wp\/v2\/users\/1"}],"replies":[{"embeddable":true,"href":"https:\/\/lederihelsingeskogen.se\/index.php?rest_route=%2Fwp%2Fv2%2Fcomments&post=114"}],"version-history":[{"count":11,"href":"https:\/\/lederihelsingeskogen.se\/index.php?rest_route=\/wp\/v2\/pages\/114\/revisions"}],"predecessor-version":[{"id":188,"href":"https:\/\/lederihelsingeskogen.se\/index.php?rest_route=\/wp\/v2\/pages\/114\/revisions\/188"}],"wp:attachment":[{"href":"https:\/\/lederihelsingeskogen.se\/index.php?rest_route=%2Fwp%2Fv2%2Fmedia&parent=114"}],"curies":[{"name":"wp","href":"https:\/\/api.w.org\/{rel}","templated":true}]}}